{"id":1054,"date":"2018-07-27T00:39:02","date_gmt":"2018-07-27T00:39:02","guid":{"rendered":"http:\/\/fischkueche.de\/?page_id=1054"},"modified":"2023-11-07T11:46:23","modified_gmt":"2023-11-07T11:46:23","slug":"kontakt","status":"publish","type":"page","link":"https:\/\/fischkueche.de\/?page_id=1054","title":{"rendered":"Kontakt"},"content":{"rendered":"<div id=\"pl-1054\"  class=\"panel-layout\" ><div id=\"pg-1054-0\"  class=\"panel-grid panel-has-style\" ><div class=\"siteorigin-panels-stretch panel-row-style panel-row-style-for-1054-0\" data-stretch-type=\"full-stretched\" ><div id=\"pgc-1054-0-0\"  class=\"panel-grid-cell panel-grid-cell-empty\" ><\/div><div id=\"pgc-1054-0-1\"  class=\"panel-grid-cell\" ><div id=\"panel-1054-0-1-0\" class=\"so-panel widget widget_sow-google-map panel-first-child panel-last-child\" data-index=\"0\" ><div class=\"panel-widget-style panel-widget-style-for-1054-0-1-0\" ><div\n\t\t\t\n\t\t\tclass=\"so-widget-sow-google-map so-widget-sow-google-map-default-db00c50061fe-1054\"\n\t\t\t\n\t\t>\n<div class=\"sow-google-map-canvas\"\n\tstyle=\"\"\n\tid=\"map-canvas-af4070144a54205a059a3d51b5f6c378\"\n\tdata-options=\"{&quot;address&quot;:&quot;Pirckheimerstra\\u00dfe 63, 90408 N\\u00fcrnberg, Germany\\n&quot;,&quot;zoom&quot;:18,&quot;mobileZoom&quot;:18,&quot;gestureHandling&quot;:&quot;greedy&quot;,&quot;disableUi&quot;:false,&quot;markerIcon&quot;:&quot;https:\\\/\\\/fischkueche.de\\\/wp-content\\\/uploads\\\/2018\\\/08\\\/pinwebbsida-150x150.png&quot;,&quot;markersDraggable&quot;:true,&quot;markerAtCenter&quot;:true,&quot;markerInfoDisplay&quot;:&quot;mouseover&quot;,&quot;markerInfoMultiple&quot;:true,&quot;markerPositions&quot;:[{&quot;place&quot;:&quot;Maxfeldstra\\u00dfe 9, 90409 N\\u00fcrnberg, Germany&quot;,&quot;info&quot;:&quot;&quot;,&quot;infoSelectedEditor&quot;:&quot;tinymce&quot;,&quot;infoMaxWidth&quot;:&quot;&quot;,&quot;customMarkerIcon&quot;:&quot;https:\\\/\\\/fischkueche.de\\\/wp-content\\\/uploads\\\/2018\\\/08\\\/ceiling-covered-parking-signal.png&quot;,&quot;customMarkerIconSize&quot;:&quot;&quot;}],&quot;mapName&quot;:&quot;Fischk\\u00fcche&quot;,&quot;mapStyles&quot;:[{&quot;featureType&quot;:&quot;all&quot;,&quot;elementType&quot;:&quot;labels.text.fill&quot;,&quot;stylers&quot;:[{&quot;saturation&quot;:36},{&quot;color&quot;:&quot;#000000&quot;},{&quot;lightness&quot;:90}]},{&quot;featureType&quot;:&quot;all&quot;,&quot;elementType&quot;:&quot;labels.text.stroke&quot;,&quot;stylers&quot;:[{&quot;visibility&quot;:&quot;on&quot;},{&quot;color&quot;:&quot;#000000&quot;},{&quot;lightness&quot;:16}]},{&quot;featureType&quot;:&quot;all&quot;,&quot;elementType&quot;:&quot;labels.icon&quot;,&quot;stylers&quot;:[{&quot;visibility&quot;:&quot;off&quot;}]},{&quot;featureType&quot;:&quot;administrative&quot;,&quot;elementType&quot;:&quot;geometry.fill&quot;,&quot;stylers&quot;:[{&quot;color&quot;:&quot;#000000&quot;},{&quot;lightness&quot;:20}]},{&quot;featureType&quot;:&quot;administrative&quot;,&quot;elementType&quot;:&quot;geometry.stroke&quot;,&quot;stylers&quot;:[{&quot;color&quot;:&quot;#000000&quot;},{&quot;lightness&quot;:17},{&quot;weight&quot;:1.1999999999999999555910790149937383830547332763671875}]},{&quot;featureType&quot;:&quot;landscape&quot;,&quot;elementType&quot;:&quot;geometry&quot;,&quot;stylers&quot;:[{&quot;color&quot;:&quot;#000000&quot;},{&quot;lightness&quot;:20}]},{&quot;featureType&quot;:&quot;poi&quot;,&quot;elementType&quot;:&quot;geometry&quot;,&quot;stylers&quot;:[{&quot;color&quot;:&quot;#000000&quot;},{&quot;lightness&quot;:21}]},{&quot;featureType&quot;:&quot;road.highway&quot;,&quot;elementType&quot;:&quot;geometry.fill&quot;,&quot;stylers&quot;:[{&quot;color&quot;:&quot;#000000&quot;},{&quot;lightness&quot;:32}]},{&quot;featureType&quot;:&quot;road.highway&quot;,&quot;elementType&quot;:&quot;geometry.stroke&quot;,&quot;stylers&quot;:[{&quot;color&quot;:&quot;#000000&quot;},{&quot;lightness&quot;:29},{&quot;weight&quot;:0.200000000000000011102230246251565404236316680908203125}]},{&quot;featureType&quot;:&quot;road.arterial&quot;,&quot;elementType&quot;:&quot;geometry&quot;,&quot;stylers&quot;:[{&quot;color&quot;:&quot;#000000&quot;},{&quot;lightness&quot;:18}]},{&quot;featureType&quot;:&quot;road.local&quot;,&quot;elementType&quot;:&quot;geometry&quot;,&quot;stylers&quot;:[{&quot;color&quot;:&quot;#000000&quot;},{&quot;lightness&quot;:16}]},{&quot;featureType&quot;:&quot;transit&quot;,&quot;elementType&quot;:&quot;geometry&quot;,&quot;stylers&quot;:[{&quot;color&quot;:&quot;#000000&quot;},{&quot;lightness&quot;:19}]},{&quot;featureType&quot;:&quot;water&quot;,&quot;elementType&quot;:&quot;geometry&quot;,&quot;stylers&quot;:[{&quot;color&quot;:&quot;#000000&quot;},{&quot;lightness&quot;:17}]}],&quot;directions&quot;:&quot;&quot;,&quot;apiKey&quot;:&quot;AIzaSyC2whHh5nBWWCeHpxdCG-MRd96Uq46QdhE&quot;,&quot;breakpoint&quot;:780}\"\n\tdata-fallback-image=\"{&quot;img&quot;:&quot;&quot;}\"><\/div>\n<\/div><\/div><\/div><\/div><div id=\"pgc-1054-0-2\"  class=\"panel-grid-cell panel-grid-cell-mobile-last\" ><div id=\"panel-1054-0-2-0\" class=\"so-panel widget widget_sow-hero panel-first-child panel-last-child\" data-index=\"1\" ><div class=\"panel-widget-style panel-widget-style-for-1054-0-2-0\" ><div\n\t\t\t\n\t\t\tclass=\"so-widget-sow-hero so-widget-sow-hero-default-035230633905-1054 so-widget-fittext-wrapper\"\n\t\t\t data-fit-text-compressor=\"0.85\"\n\t\t>\t\t\t\t<div class=\"sow-slider-base\" style=\"display: none\" tabindex=\"0\">\n\t\t\t\t\t<ul\n\t\t\t\t\tclass=\"sow-slider-images\"\n\t\t\t\t\tdata-settings=\"{&quot;pagination&quot;:true,&quot;speed&quot;:800,&quot;timeout&quot;:8000,&quot;paused&quot;:false,&quot;pause_on_hover&quot;:false,&quot;swipe&quot;:true,&quot;nav_always_show_desktop&quot;:&quot;&quot;,&quot;nav_always_show_mobile&quot;:&quot;&quot;,&quot;breakpoint&quot;:&quot;780px&quot;,&quot;unmute&quot;:false,&quot;anchor&quot;:null}\"\n\t\t\t\t\tstyle=\"min-height: 620px\"\t\t\t\t\tdata-anchor-id=\"\"\n\t\t\t\t>\t\t<li class=\"sow-slider-image  sow-slider-image-cover\" style=\"visibility: visible;\" >\n\t\t\t\t\t<div class=\"sow-slider-image-container\">\n\t\t\t<div class=\"sow-slider-image-wrapper\">\n\t\t\t\t<h2 style=\"text-align: center\"><span style=\"color: #d0af5b\">\u00d6ffnungszeiten<\/span><\/h2>\n<hr \/>\n<p style=\"text-align: center\">Liebe G\u00e4ste der Fischk\u00fcche, wir sind f\u00fcr Sie da:<\/p>\n<p style=\"text-align: center\">Montag und Dienstag - Ruhetag<br \/>\n(au\u00dfer an den Weihnachtsfeiertagen)<\/p>\n<p style=\"text-align: center\">Mi - So 11:00 bis 14:30 Uhr<\/p>\n<p style=\"text-align: center\">18:00 bis 22:00 Uhr<\/p>\n<hr \/>\n<p style=\"text-align: center\">Das Team der Fischk\u00fcche freut sich auf ihren Besuch.<\/p>\n<p style=\"text-align: center\"><strong>Reservierungen unter:<\/strong><\/p>\n<p style=\"text-align: center\"><a href=\"mailto:reservierung@fischkueche.de\">reservierung@fischkueche.de<\/a><\/p>\n<p style=\"text-align: center\">Tel: 0911 351003<\/p>\n<p style=\"text-align: center\">Pirckheimerstra\u00dfe 63<\/p>\n<p style=\"text-align: center\">90408 N\u00fcrnberg<\/p>\n<p>&nbsp;<\/p>\n\t\t\t<\/div>\n\t\t<\/div>\n\t\t<div class=\"sow-slider-image-overlay sow-slider-image-cover\" style=\"opacity: 0.6;background-image: url(https:\/\/fischkueche.de\/wp-content\/uploads\/2018\/07\/opacitet.png)\"  ><\/div>\t\t<\/li>\n\t\t<\/ul>\t\t\t\t<ol class=\"sow-slider-pagination\">\n\t\t\t\t\t\t\t\t\t\t\t<li><a href=\"#\" data-goto=\"0\" aria-label=\"Display slide 1\"><\/a><\/li>\n\t\t\t\t\t\t\t\t\t<\/ol>\n\n\t\t\t\t<div class=\"sow-slide-nav sow-slide-nav-next\">\n\t\t\t\t\t<a href=\"#\" data-goto=\"next\" aria-label=\"Next slide\" data-action=\"next\">\n\t\t\t\t\t\t<em class=\"sow-sld-icon-thin-right\"><\/em>\n\t\t\t\t\t<\/a>\n\t\t\t\t<\/div>\n\n\t\t\t\t<div class=\"sow-slide-nav sow-slide-nav-prev\">\n\t\t\t\t\t<a href=\"#\" data-goto=\"previous\" aria-label=\"Previous slide\" data-action=\"prev\">\n\t\t\t\t\t\t<em class=\"sow-sld-icon-thin-left\"><\/em>\n\t\t\t\t\t<\/a>\n\t\t\t\t<\/div>\n\t\t\t\t<\/div><\/div><\/div><\/div><\/div><div id=\"pgc-1054-0-3\"  class=\"panel-grid-cell panel-grid-cell-empty\" ><\/div><\/div><\/div><\/div>","protected":false},"excerpt":{"rendered":"<p>\u00d6ffnungszeiten Liebe G\u00e4ste der Fischk\u00fcche, wir sind f\u00fcr Sie da: Montag und Dienstag &#8211; Ruhetag (au\u00dfer an den Weihnachtsfeiertagen) Mi &#8211; So 11:00 bis 14:30 Uhr 18:00 bis 22:00 Uhr [&hellip;]<\/p>\n","protected":false},"author":1,"featured_media":0,"parent":0,"menu_order":0,"comment_status":"closed","ping_status":"closed","template":"page_front-page.php","meta":{"footnotes":""},"class_list":["post-1054","page","type-page","status-publish","hentry"],"_links":{"self":[{"href":"https:\/\/fischkueche.de\/index.php?rest_route=\/wp\/v2\/pages\/1054","targetHints":{"allow":["GET"]}}],"collection":[{"href":"https:\/\/fischkueche.de\/index.php?rest_route=\/wp\/v2\/pages"}],"about":[{"href":"https:\/\/fischkueche.de\/index.php?rest_route=\/wp\/v2\/types\/page"}],"author":[{"embeddable":true,"href":"https:\/\/fischkueche.de\/index.php?rest_route=\/wp\/v2\/users\/1"}],"replies":[{"embeddable":true,"href":"https:\/\/fischkueche.de\/index.php?rest_route=%2Fwp%2Fv2%2Fcomments&post=1054"}],"version-history":[{"count":156,"href":"https:\/\/fischkueche.de\/index.php?rest_route=\/wp\/v2\/pages\/1054\/revisions"}],"predecessor-version":[{"id":3260,"href":"https:\/\/fischkueche.de\/index.php?rest_route=\/wp\/v2\/pages\/1054\/revisions\/3260"}],"wp:attachment":[{"href":"https:\/\/fischkueche.de\/index.php?rest_route=%2Fwp%2Fv2%2Fmedia&parent=1054"}],"curies":[{"name":"wp","href":"https:\/\/api.w.org\/{rel}","templated":true}]}}