{"id":18,"date":"2018-07-13T18:38:25","date_gmt":"2018-07-13T18:38:25","guid":{"rendered":"http:\/\/fischkueche.de\/?page_id=18"},"modified":"2026-03-21T21:31:05","modified_gmt":"2026-03-21T21:31:05","slug":"home","status":"publish","type":"page","link":"https:\/\/fischkueche.de\/","title":{"rendered":"Home"},"content":{"rendered":"<div id=\"pl-18\"  class=\"panel-layout\" ><div id=\"pg-18-0\"  class=\"panel-grid panel-has-style\" ><div class=\"lsow-row siteorigin-panels-stretch panel-row-style panel-row-style-for-18-0\" data-stretch-type=\"full-width-stretch\" ><div id=\"pgc-18-0-0\"  class=\"panel-grid-cell\" ><div id=\"panel-18-0-0-0\" class=\"so-panel widget widget_sow-hero panel-first-child panel-last-child\" data-index=\"0\" ><div class=\"wow fadeIn panel-widget-style panel-widget-style-for-18-0-0-0\" data-wow-duration=\"3s\" data-wow-delay=\"1s\" data-wow-offset=\"10\" data-wow-iteration=\"1\" ><div\n\t\t\t\n\t\t\tclass=\"so-widget-sow-hero so-widget-sow-hero-default-dd590292d6f2-18 so-widget-fittext-wrapper\"\n\t\t\t data-fit-text-compressor=\"0.85\"\n\t\t>\t\t\t\t<div class=\"sow-slider-base\" style=\"display: none\" tabindex=\"0\">\n\t\t\t\t\t<ul\n\t\t\t\t\tclass=\"sow-slider-images\"\n\t\t\t\t\tdata-settings=\"{&quot;pagination&quot;:true,&quot;speed&quot;:800,&quot;timeout&quot;:8000,&quot;paused&quot;:false,&quot;pause_on_hover&quot;:false,&quot;swipe&quot;:true,&quot;nav_always_show_desktop&quot;:&quot;&quot;,&quot;nav_always_show_mobile&quot;:&quot;&quot;,&quot;breakpoint&quot;:&quot;780px&quot;,&quot;unmute&quot;:false,&quot;anchor&quot;:null}\"\n\t\t\t\t\tstyle=\"min-height: 500px\"\t\t\t\t\tdata-anchor-id=\"\"\n\t\t\t\t>\t\t<li class=\"sow-slider-image  sow-slider-image-cover\" style=\"visibility: visible;\" >\n\t\t\t\t\t<div class=\"sow-slider-image-container\">\n\t\t\t<div class=\"sow-slider-image-wrapper\">\n\t\t\t\t<h1 style=\"text-align: center\">\u201eBei uns bekommen Sie Meer...\u201d<\/h1>\n<p style=\"text-align: center\">Ein \"Schwedischer N\u00fcrnberger\" ist der Kapit\u00e4n und Seafood - Spezialist auf der Kommandobr\u00fccke des traditionsreichsten Fischrestaurants in N\u00fcrnberg (Bayern). An Authentizit\u00e4t ist das Lokal mit all seinen nautischen Gegenst\u00e4nden allerdings kaum noch zu\u00a0\u00fcberbieten. Das Ziel der Gastronomischen Seereise ist stets der perfekt zubereitete Fisch. Daf\u00fcr legt sich Ring richtig in die Riemen und kredenzt maritime Spezialit\u00e4ten aus aller Welt. Fische Austern aus Frankreich treffen auf original, fr\u00e4nkische Karpfen und schlie\u00dfen sich gegenseitig keineswegs aus. Auch Steak aus Argentinien oder Ente findet hier seinen festen Platz.<\/p>\n<p style=\"text-align: center\">Fisch, egal welcher Herkunft, wird in diesem Restaurant gelebt. Das ist Spezialistentum allererster G\u00fcteklasse und Qualit\u00e4t. Das ist nur logisch bei der konsequenten Qualit\u00e4tsgarantie des Chefs. Darauf rufen wir ein kr\u00e4ftiges\u00a0 \"Hoch die Brassen!\" in die Komb\u00fcse.*<\/p>\n<div class=\"sow-hero-buttons\" style=\"text-align: center\"><div\n\t\t\t\n\t\t\tclass=\"so-widget-sow-button so-widget-sow-button-wire-2bb796baeeec\"\n\t\t\t\n\t\t><div class=\"ow-button-base ow-button-align-center\"\n>\n\t\t\t<a\n\t\t\t\t\thref=\"https:\/\/fischkueche.de\/?page_id=1054\"\n\t\t\t\t\tclass=\"sowb-button ow-icon-placement-left ow-button-hover\" \t>\n\t\t<span>\n\t\t\t\n\t\t\tRESERVIEREN\t\t<\/span>\n\t\t\t<\/a>\n\t<\/div>\n<\/div><\/div>\n<p><span style=\"color: #000000\">*Quelle: Prinz- Oktober 25.09 \/ 31.10.08<\/span><\/p>\n\t\t\t<\/div>\n\t\t<\/div>\n\t\t<div class=\"sow-slider-image-overlay sow-slider-image-cover\" style=\"opacity: 0.68;background-image: url(https:\/\/fischkueche.de\/wp-content\/uploads\/2018\/07\/opacitet.png)\"  ><\/div>\t\t<\/li>\n\t\t<\/ul>\t\t\t\t<ol class=\"sow-slider-pagination\">\n\t\t\t\t\t\t\t\t\t\t\t<li><a href=\"#\" data-goto=\"0\" aria-label=\"Display slide 1\"><\/a><\/li>\n\t\t\t\t\t\t\t\t\t<\/ol>\n\n\t\t\t\t<div class=\"sow-slide-nav sow-slide-nav-next\">\n\t\t\t\t\t<a href=\"#\" data-goto=\"next\" aria-label=\"Next slide\" data-action=\"next\">\n\t\t\t\t\t\t<em class=\"sow-sld-icon-thin-right\"><\/em>\n\t\t\t\t\t<\/a>\n\t\t\t\t<\/div>\n\n\t\t\t\t<div class=\"sow-slide-nav sow-slide-nav-prev\">\n\t\t\t\t\t<a href=\"#\" data-goto=\"previous\" aria-label=\"Previous slide\" data-action=\"prev\">\n\t\t\t\t\t\t<em class=\"sow-sld-icon-thin-left\"><\/em>\n\t\t\t\t\t<\/a>\n\t\t\t\t<\/div>\n\t\t\t\t<\/div><\/div><\/div><\/div><\/div><\/div><\/div><div id=\"pg-18-1\"  class=\"panel-grid panel-has-style\" ><div class=\"lsow-dark-bg siteorigin-panels-stretch panel-row-style panel-row-style-for-18-1\" data-stretch-type=\"full-width-stretch\" ><div id=\"pgc-18-1-0\"  class=\"panel-grid-cell panel-grid-cell-empty\" ><\/div><div id=\"pgc-18-1-1\"  class=\"panel-grid-cell\" ><div id=\"panel-18-1-1-0\" class=\"so-panel widget widget_lsow-hero-image panel-first-child panel-last-child\" data-index=\"1\" ><div class=\"wow fadeIn panel-widget-style panel-widget-style-for-18-1-1-0\" data-wow-duration=\"3s\" data-wow-offset=\"10\" data-wow-iteration=\"1\" ><div\n\t\t\t\n\t\t\tclass=\"so-widget-lsow-hero-image so-widget-lsow-hero-image-default-42f942f6a631-18\"\n\t\t\t\n\t\t>\n\n<div class=\"lsow-hero-header lsow-section-bg-cover\" >\n\n    \n    <div class=\"lsow-background\">\n\n        \n            \n            \n                \n                    <div class=\"lsow-image-bg\"\n                         style=\"background-image: url(https:\/\/fischkueche.de\/wp-content\/uploads\/2018\/07\/Ostron3.jpg);\"><\/div>\n\n                \n            \n        \n    <\/div><!-- .lsow-background -->\n\n    \n        <div class=\"lsow-overlay\" style=\"background-color: rgba(0, 0, 0, 0.12);\"><\/div>\n\n    \n    <div class=\"lsow-header-content\">\n\n        \n            <div class=\"lsow-standard-header\">\n\n                \n                \n                \n                    <a class=\"lsow-button lsow-trans\"\n                       href=\"http:\/\/fischkueche.de\/?page_id=1780\"\n                        >Spezial<\/a>\n\n                \n            <\/div>\n\n        \n    <\/div>\n\n    \n<\/div><\/div><\/div><\/div><\/div><div id=\"pgc-18-1-2\"  class=\"panel-grid-cell panel-grid-cell-mobile-last\" ><div id=\"panel-18-1-2-0\" class=\"so-panel widget widget_lsow-hero-image panel-first-child panel-last-child\" data-index=\"2\" ><div class=\"wow fadeIn panel-widget-style panel-widget-style-for-18-1-2-0\" data-wow-duration=\"3s\" data-wow-offset=\"10\" data-wow-iteration=\"1\" ><div\n\t\t\t\n\t\t\tclass=\"so-widget-lsow-hero-image so-widget-lsow-hero-image-default-42f942f6a631-18\"\n\t\t\t\n\t\t>\n\n<div class=\"lsow-hero-header lsow-section-bg-cover\" >\n\n    \n    <div class=\"lsow-background\">\n\n        \n            \n            \n                \n                    <div class=\"lsow-image-bg\"\n                         style=\"background-image: url(https:\/\/fischkueche.de\/wp-content\/uploads\/2018\/07\/bokat-bord.jpg);\"><\/div>\n\n                \n            \n        \n    <\/div><!-- .lsow-background -->\n\n    \n        <div class=\"lsow-overlay\" style=\"background-color: rgba(0, 0, 0, 0.05);\"><\/div>\n\n    \n    <div class=\"lsow-header-content\">\n\n        \n            <div class=\"lsow-standard-header\">\n\n                \n                \n                \n                    <a class=\"lsow-button lsow-trans\"\n                       href=\"http:\/\/fischkueche.de\/?page_id=1054\"\n                        >Kontakt<\/a>\n\n                \n            <\/div>\n\n        \n    <\/div>\n\n    \n<\/div><\/div><\/div><\/div><\/div><div id=\"pgc-18-1-3\"  class=\"panel-grid-cell panel-grid-cell-empty\" ><\/div><\/div><\/div><div id=\"pg-18-2\"  class=\"panel-grid panel-has-style\" ><div class=\"lsow-dark-bg panel-row-style panel-row-style-for-18-2\" style=\"background-color: #ffffff; color: #ffffff; \" ><div id=\"pgc-18-2-0\"  class=\"panel-grid-cell panel-grid-cell-empty\" ><\/div><div id=\"pgc-18-2-1\"  class=\"panel-grid-cell\" ><div id=\"panel-18-2-1-0\" class=\"so-panel widget widget_lsow-hero-image panel-first-child panel-last-child\" data-index=\"3\" ><div class=\"wow fadeIn panel-widget-style panel-widget-style-for-18-2-1-0\" data-wow-duration=\"2s\" data-wow-delay=\"1s\" data-wow-offset=\"10\" data-wow-iteration=\"1\" ><div\n\t\t\t\n\t\t\tclass=\"so-widget-lsow-hero-image so-widget-lsow-hero-image-default-42f942f6a631-18\"\n\t\t\t\n\t\t>\n\n<div class=\"lsow-hero-header lsow-section-bg-cover\" >\n\n    \n    <div class=\"lsow-background\">\n\n        \n            \n            \n                \n                    <div class=\"lsow-image-bg\"\n                         style=\"background-image: url(https:\/\/fischkueche.de\/wp-content\/uploads\/2018\/07\/matr\u00e4tt7.jpg);\"><\/div>\n\n                \n            \n        \n    <\/div><!-- .lsow-background -->\n\n    \n        <div class=\"lsow-overlay\" style=\"background-color: rgba(0, 0, 0, 0.05);\"><\/div>\n\n    \n    <div class=\"lsow-header-content\">\n\n        \n            <div class=\"lsow-standard-header\">\n\n                \n                \n                \n                    <a class=\"lsow-button lsow-trans\"\n                       href=\"http:\/\/fischkueche.de\/?page_id=675\/#4\"\n                        >Empfehlung<\/a>\n\n                \n            <\/div>\n\n        \n    <\/div>\n\n    \n<\/div><\/div><\/div><\/div><\/div><div id=\"pgc-18-2-2\"  class=\"panel-grid-cell panel-grid-cell-mobile-last\" ><div id=\"panel-18-2-2-0\" class=\"so-panel widget widget_lsow-hero-image panel-first-child panel-last-child\" data-index=\"4\" ><div class=\"wow fadeIn panel-widget-style panel-widget-style-for-18-2-2-0\" data-wow-duration=\"2s\" data-wow-delay=\"1s\" data-wow-offset=\"10\" data-wow-iteration=\"1\" ><div\n\t\t\t\n\t\t\tclass=\"so-widget-lsow-hero-image so-widget-lsow-hero-image-default-42f942f6a631-18\"\n\t\t\t\n\t\t>\n\n<div class=\"lsow-hero-header lsow-section-bg-cover\" >\n\n    \n    <div class=\"lsow-background\">\n\n        \n            \n            \n                \n                    <div class=\"lsow-image-bg\"\n                         style=\"background-image: url(https:\/\/fischkueche.de\/wp-content\/uploads\/2018\/07\/historia.jpg);\"><\/div>\n\n                \n            \n        \n    <\/div><!-- .lsow-background -->\n\n    \n        <div class=\"lsow-overlay\" style=\"background-color: rgba(0, 0, 0, 0.05);\"><\/div>\n\n    \n    <div class=\"lsow-header-content\">\n\n        \n            <div class=\"lsow-standard-header\">\n\n                \n                \n                \n                    <a class=\"lsow-button lsow-trans\"\n                       href=\"https:\/\/fischkueche.de\/?page_id=868\"\n                        >Geschichte<\/a>\n\n                \n            <\/div>\n\n        \n    <\/div>\n\n    \n<\/div><\/div><\/div><\/div><\/div><div id=\"pgc-18-2-3\"  class=\"panel-grid-cell panel-grid-cell-empty\" ><\/div><\/div><\/div><div id=\"pg-18-3\"  class=\"panel-grid panel-has-style\" ><div class=\"siteorigin-panels-stretch panel-row-style panel-row-style-for-18-3\" data-stretch-type=\"full-width-stretch\" ><div id=\"pgc-18-3-0\"  class=\"panel-grid-cell\" ><div id=\"panel-18-3-0-0\" class=\"so-panel widget widget_sow-hero panel-first-child panel-last-child\" data-index=\"5\" ><div class=\"panel-widget-style panel-widget-style-for-18-3-0-0\" ><div\n\t\t\t\n\t\t\tclass=\"so-widget-sow-hero so-widget-sow-hero-default-0519132a0a26-18 so-widget-fittext-wrapper\"\n\t\t\t data-fit-text-compressor=\"0.85\"\n\t\t>\t\t\t\t<div class=\"sow-slider-base\" style=\"display: none\" tabindex=\"0\">\n\t\t\t\t\t<ul\n\t\t\t\t\tclass=\"sow-slider-images\"\n\t\t\t\t\tdata-settings=\"{&quot;pagination&quot;:true,&quot;speed&quot;:800,&quot;timeout&quot;:8000,&quot;paused&quot;:false,&quot;pause_on_hover&quot;:false,&quot;swipe&quot;:true,&quot;nav_always_show_desktop&quot;:&quot;&quot;,&quot;nav_always_show_mobile&quot;:&quot;&quot;,&quot;breakpoint&quot;:&quot;780px&quot;,&quot;unmute&quot;:false,&quot;anchor&quot;:null}\"\n\t\t\t\t\tstyle=\"min-height: 350px\"\t\t\t\t\tdata-anchor-id=\"\"\n\t\t\t\t>\t\t<li class=\"sow-slider-image\" style=\"visibility: visible;\" >\n\t\t\t\t\t<div class=\"sow-slider-image-container\">\n\t\t\t<div class=\"sow-slider-image-wrapper\">\n\t\t\t\t<blockquote>\n<h1 style=\"text-align: center\"><span style=\"color: #d0af5b\">Wir zeigen ihnen was das Meer zu bieten hat \u201e<\/span><\/h1>\n<\/blockquote>\n<div class=\"et_pb_module et_pb_text et_pb_text_4 et_animated et_pb_bg_layout_light et_pb_text_align_left slideTop\">\n<div class=\"et_pb_text_inner\">\n<p style=\"text-align: center\">Unsere Speisekarte variiert\u00a0\u00fcber die Saison mit\u00a0 ausgezeichneten Rohstoffen. Bei uns k\u00f6nnen sie frischen Fisch jeder Zeit genie\u00dfen.<\/p>\n<p style=\"text-align: center\">Klassischer Hummer und original Marseiller Bouillabaisse bitte zwei Tage vorbestellen. Unsere Austern beziehen wir zwei Mal w\u00f6chentlich aus der Normandie. Verschiedene Austernsorten auf Anfrage.<\/p>\n&nbsp;\n\n<\/div>\n<\/div>\t\t\t<\/div>\n\t\t<\/div>\n\t\t\t\t<\/li>\n\t\t<\/ul>\t\t\t\t<ol class=\"sow-slider-pagination\">\n\t\t\t\t\t\t\t\t\t\t\t<li><a href=\"#\" data-goto=\"0\" aria-label=\"Display slide 1\"><\/a><\/li>\n\t\t\t\t\t\t\t\t\t<\/ol>\n\n\t\t\t\t<div class=\"sow-slide-nav sow-slide-nav-next\">\n\t\t\t\t\t<a href=\"#\" data-goto=\"next\" aria-label=\"Next slide\" data-action=\"next\">\n\t\t\t\t\t\t<em class=\"sow-sld-icon-thin-right\"><\/em>\n\t\t\t\t\t<\/a>\n\t\t\t\t<\/div>\n\n\t\t\t\t<div class=\"sow-slide-nav sow-slide-nav-prev\">\n\t\t\t\t\t<a href=\"#\" data-goto=\"previous\" aria-label=\"Previous slide\" data-action=\"prev\">\n\t\t\t\t\t\t<em class=\"sow-sld-icon-thin-left\"><\/em>\n\t\t\t\t\t<\/a>\n\t\t\t\t<\/div>\n\t\t\t\t<\/div><\/div><\/div><\/div><\/div><div id=\"pgc-18-3-1\"  class=\"panel-grid-cell\" ><div id=\"panel-18-3-1-0\" class=\"so-panel widget widget_sow-hero panel-first-child panel-last-child\" data-index=\"6\" ><div class=\"wow fadeInRight panel-widget-style panel-widget-style-for-18-3-1-0\" data-wow-duration=\"3s\" data-wow-offset=\"10\" data-wow-iteration=\"1\" ><div\n\t\t\t\n\t\t\tclass=\"so-widget-sow-hero so-widget-sow-hero-default-4be5dd1acadc-18 so-widget-fittext-wrapper\"\n\t\t\t data-fit-text-compressor=\"0.85\"\n\t\t>\t\t\t\t<div class=\"sow-slider-base\" style=\"display: none\" tabindex=\"0\">\n\t\t\t\t\t<ul\n\t\t\t\t\tclass=\"sow-slider-images\"\n\t\t\t\t\tdata-settings=\"{&quot;pagination&quot;:true,&quot;speed&quot;:800,&quot;timeout&quot;:8000,&quot;paused&quot;:false,&quot;pause_on_hover&quot;:false,&quot;swipe&quot;:true,&quot;nav_always_show_desktop&quot;:&quot;&quot;,&quot;nav_always_show_mobile&quot;:&quot;&quot;,&quot;breakpoint&quot;:&quot;780px&quot;,&quot;unmute&quot;:false,&quot;anchor&quot;:null}\"\n\t\t\t\t\tstyle=\"min-height: 350px\"\t\t\t\t\tdata-anchor-id=\"\"\n\t\t\t\t>\t\t<li class=\"sow-slider-image\" style=\"visibility: visible;\" >\n\t\t\t\t\t<div class=\"sow-slider-image-container\">\n\t\t\t<div class=\"sow-slider-image-wrapper\">\n\t\t\t\t<p><img loading=\"lazy\" decoding=\"async\" class=\" wp-image-1784 alignleft\" src=\"http:\/\/fischkueche.de\/wp-content\/uploads\/2018\/07\/canvas.png\" alt=\"\" width=\"915\" height=\"318\" srcset=\"https:\/\/fischkueche.de\/wp-content\/uploads\/2018\/07\/canvas.png 1024w, https:\/\/fischkueche.de\/wp-content\/uploads\/2018\/07\/canvas-300x104.png 300w, https:\/\/fischkueche.de\/wp-content\/uploads\/2018\/07\/canvas-768x267.png 768w, https:\/\/fischkueche.de\/wp-content\/uploads\/2018\/07\/canvas-750x261.png 750w, https:\/\/fischkueche.de\/wp-content\/uploads\/2018\/07\/canvas-400x139.png 400w, https:\/\/fischkueche.de\/wp-content\/uploads\/2018\/07\/canvas-430x149.png 430w, https:\/\/fischkueche.de\/wp-content\/uploads\/2018\/07\/canvas-150x52.png 150w, https:\/\/fischkueche.de\/wp-content\/uploads\/2018\/07\/canvas-100x35.png 100w\" sizes=\"auto, (max-width: 915px) 100vw, 915px\" \/><\/p>\n\t\t\t<\/div>\n\t\t<\/div>\n\t\t\t\t<\/li>\n\t\t<\/ul>\t\t\t\t<ol class=\"sow-slider-pagination\">\n\t\t\t\t\t\t\t\t\t\t\t<li><a href=\"#\" data-goto=\"0\" aria-label=\"Display slide 1\"><\/a><\/li>\n\t\t\t\t\t\t\t\t\t<\/ol>\n\n\t\t\t\t<div class=\"sow-slide-nav sow-slide-nav-next\">\n\t\t\t\t\t<a href=\"#\" data-goto=\"next\" aria-label=\"Next slide\" data-action=\"next\">\n\t\t\t\t\t\t<em class=\"sow-sld-icon-thin-right\"><\/em>\n\t\t\t\t\t<\/a>\n\t\t\t\t<\/div>\n\n\t\t\t\t<div class=\"sow-slide-nav sow-slide-nav-prev\">\n\t\t\t\t\t<a href=\"#\" data-goto=\"previous\" aria-label=\"Previous slide\" data-action=\"prev\">\n\t\t\t\t\t\t<em class=\"sow-sld-icon-thin-left\"><\/em>\n\t\t\t\t\t<\/a>\n\t\t\t\t<\/div>\n\t\t\t\t<\/div><\/div><\/div><\/div><\/div><\/div><\/div><\/div>","protected":false},"excerpt":{"rendered":"<p>\u201eBei uns bekommen Sie Meer&#8230;\u201d Ein &#8222;Schwedischer N\u00fcrnberger&#8220; ist der Kapit\u00e4n und Seafood &#8211; Spezialist auf der Kommandobr\u00fccke des traditionsreichsten Fischrestaurants in N\u00fcrnberg (Bayern). An Authentizit\u00e4t ist das Lokal mit [&hellip;]<\/p>\n","protected":false},"author":1,"featured_media":12,"parent":0,"menu_order":0,"comment_status":"closed","ping_status":"closed","template":"page_front-page.php","meta":{"footnotes":""},"class_list":["post-18","page","type-page","status-publish","has-post-thumbnail","hentry"],"_links":{"self":[{"href":"https:\/\/fischkueche.de\/index.php?rest_route=\/wp\/v2\/pages\/18","targetHints":{"allow":["GET"]}}],"collection":[{"href":"https:\/\/fischkueche.de\/index.php?rest_route=\/wp\/v2\/pages"}],"about":[{"href":"https:\/\/fischkueche.de\/index.php?rest_route=\/wp\/v2\/types\/page"}],"author":[{"embeddable":true,"href":"https:\/\/fischkueche.de\/index.php?rest_route=\/wp\/v2\/users\/1"}],"replies":[{"embeddable":true,"href":"https:\/\/fischkueche.de\/index.php?rest_route=%2Fwp%2Fv2%2Fcomments&post=18"}],"version-history":[{"count":832,"href":"https:\/\/fischkueche.de\/index.php?rest_route=\/wp\/v2\/pages\/18\/revisions"}],"predecessor-version":[{"id":3292,"href":"https:\/\/fischkueche.de\/index.php?rest_route=\/wp\/v2\/pages\/18\/revisions\/3292"}],"wp:featuredmedia":[{"embeddable":true,"href":"https:\/\/fischkueche.de\/index.php?rest_route=\/wp\/v2\/media\/12"}],"wp:attachment":[{"href":"https:\/\/fischkueche.de\/index.php?rest_route=%2Fwp%2Fv2%2Fmedia&parent=18"}],"curies":[{"name":"wp","href":"https:\/\/api.w.org\/{rel}","templated":true}]}}